{"id":2,"date":"2025-08-12T14:26:26","date_gmt":"2025-08-12T12:26:26","guid":{"rendered":"https:\/\/number-roanne.fr\/?page_id=2"},"modified":"2025-08-15T12:17:43","modified_gmt":"2025-08-15T10:17:43","slug":"page-d-exemple","status":"publish","type":"page","link":"https:\/\/number-roanne.fr\/","title":{"rendered":"Number Roanne arrive bient\u00f4t"},"content":{"rendered":"\t\t<div data-elementor-type=\"wp-page\" data-elementor-id=\"2\" class=\"elementor elementor-2\">\n\t\t\t\t<div class=\"elementor-element elementor-element-4065319 e-flex e-con-boxed e-con e-parent\" data-id=\"4065319\" data-element_type=\"container\" data-settings=\"{&quot;background_background&quot;:&quot;classic&quot;}\">\n\t\t\t\t\t<div class=\"e-con-inner\">\n\t\t<div class=\"elementor-element elementor-element-fba08d0 e-con-full e-flex e-con e-child\" data-id=\"fba08d0\" data-element_type=\"container\">\n\t\t\t\t<\/div>\n\t\t<div class=\"elementor-element elementor-element-1b50174 e-con-full e-flex e-con e-child\" data-id=\"1b50174\" data-element_type=\"container\">\n\t\t<div class=\"elementor-element elementor-element-ab6cba9 e-con-full e-flex e-con e-child\" data-id=\"ab6cba9\" data-element_type=\"container\">\n\t\t\t\t<\/div>\n\t\t<div class=\"elementor-element elementor-element-ed9efcb e-con-full e-flex e-con e-child\" data-id=\"ed9efcb\" data-element_type=\"container\">\n\t\t\t\t<\/div>\n\t\t\t\t<\/div>\n\t\t\t\t\t<\/div>\n\t\t\t\t<\/div>\n\t\t<div class=\"elementor-element elementor-element-3d85fcb e-flex e-con-boxed e-con e-parent\" data-id=\"3d85fcb\" data-element_type=\"container\" data-settings=\"{&quot;background_background&quot;:&quot;classic&quot;}\">\n\t\t\t\t\t<div class=\"e-con-inner\">\n\t\t\t\t<div class=\"elementor-element elementor-element-cc794df elementor-widget elementor-widget-image\" data-id=\"cc794df\" data-element_type=\"widget\" data-widget_type=\"image.default\">\n\t\t\t\t\t\t\t\t\t\t\t\t\t\t\t<img fetchpriority=\"high\" decoding=\"async\" width=\"768\" height=\"237\" src=\"https:\/\/number-roanne.fr\/wp-content\/uploads\/2025\/08\/logo_number_roanne-768x237.png\" class=\"attachment-medium_large size-medium_large wp-image-10\" alt=\"\" srcset=\"https:\/\/number-roanne.fr\/wp-content\/uploads\/2025\/08\/logo_number_roanne-768x237.png 768w, https:\/\/number-roanne.fr\/wp-content\/uploads\/2025\/08\/logo_number_roanne-300x93.png 300w, https:\/\/number-roanne.fr\/wp-content\/uploads\/2025\/08\/logo_number_roanne-1024x316.png 1024w, https:\/\/number-roanne.fr\/wp-content\/uploads\/2025\/08\/logo_number_roanne.png 1388w\" sizes=\"(max-width: 768px) 100vw, 768px\" \/>\t\t\t\t\t\t\t\t\t\t\t\t\t\t\t<\/div>\n\t\t\t\t\t<\/div>\n\t\t\t\t<\/div>\n\t\t<div class=\"elementor-element elementor-element-2ff4126 e-flex e-con-boxed e-con e-parent\" data-id=\"2ff4126\" data-element_type=\"container\">\n\t\t\t\t\t<div class=\"e-con-inner\">\n\t\t\t\t<div class=\"elementor-element elementor-element-57bf3b0 elementor-widget elementor-widget-heading\" data-id=\"57bf3b0\" data-element_type=\"widget\" data-widget_type=\"heading.default\">\n\t\t\t\t\t<h2 class=\"elementor-heading-title elementor-size-default\">Projet en r\u00e9flexion - Site web en construction<\/h2>\t\t\t\t<\/div>\n\t\t\t\t\t<\/div>\n\t\t\t\t<\/div>\n\t\t<div class=\"elementor-element elementor-element-52f500d e-flex e-con-boxed e-con e-parent\" data-id=\"52f500d\" data-element_type=\"container\" data-settings=\"{&quot;background_background&quot;:&quot;classic&quot;}\">\n\t\t\t\t\t<div class=\"e-con-inner\">\n\t\t\t\t<div class=\"elementor-element elementor-element-d0c7416 elementor-widget elementor-widget-heading\" data-id=\"d0c7416\" data-element_type=\"widget\" data-widget_type=\"heading.default\">\n\t\t\t\t\t<h2 class=\"elementor-heading-title elementor-size-default\">K\u00e9zako ?<\/h2>\t\t\t\t<\/div>\n\t\t\t\t<div class=\"elementor-element elementor-element-a0a2daa elementor-widget-divider--view-line elementor-widget elementor-widget-divider\" data-id=\"a0a2daa\" data-element_type=\"widget\" data-widget_type=\"divider.default\">\n\t\t\t\t\t\t\t<div class=\"elementor-divider\">\n\t\t\t<span class=\"elementor-divider-separator\">\n\t\t\t\t\t\t<\/span>\n\t\t<\/div>\n\t\t\t\t\t\t<\/div>\n\t\t\t\t<div class=\"elementor-element elementor-element-5ad6e7e elementor-widget elementor-widget-text-editor\" data-id=\"5ad6e7e\" data-element_type=\"widget\" data-widget_type=\"text-editor.default\">\n\t\t\t\t\t\t\t\t\t<p>NUMBER ROANNE est un m\u00e9dia local ind\u00e9pendant d\u00e9di\u00e9 \u00e0 celles et ceux qui font bouger le Roannais. <\/p>\n<p>Notre mission : valoriser les initiatives locales, les projets innovants et les personnalit\u00e9s inspirantes qui donnent vie \u00e0 notre territoire. <\/p>\n<p>Portraits de femmes et d\u2019hommes inspirants, coulisses d\u2019ateliers, r\u00e9cits d\u2019engagement, exp\u00e9riences \u00e0 vivre : on donne la parole \u00e0 celles et ceux qui transforment Roanne et son agglom\u00e9ration \u00e0 leur mani\u00e8re. Number Roanne, c\u2019est aussi un alli\u00e9 des \u00e9v\u00e9nements locaux : on accompagne leur visibilit\u00e9 pour qu\u2019ils rencontrent leur public et participent au dynamisme du territoire. Pas de pub criarde, pas de sensationnalisme : du contenu utile, humain et local. <\/p>\n<p><strong>Parce que dans le Roannais, il se passe des choses. Et avec l\u2019\u00e9quipe de Number Roanne, nous sommes l\u00e0 pour les raconter !<\/strong><\/p>\t\t\t\t\t\t\t\t<\/div>\n\t\t\t\t<div class=\"elementor-element elementor-element-859ba82 elementor-widget elementor-widget-heading\" data-id=\"859ba82\" data-element_type=\"widget\" data-widget_type=\"heading.default\">\n\t\t\t\t\t<h2 class=\"elementor-heading-title elementor-size-default\">Ma vision<\/h2>\t\t\t\t<\/div>\n\t\t\t\t<div class=\"elementor-element elementor-element-a9774f0 elementor-widget-divider--view-line elementor-widget elementor-widget-divider\" data-id=\"a9774f0\" data-element_type=\"widget\" data-widget_type=\"divider.default\">\n\t\t\t\t\t\t\t<div class=\"elementor-divider\">\n\t\t\t<span class=\"elementor-divider-separator\">\n\t\t\t\t\t\t<\/span>\n\t\t<\/div>\n\t\t\t\t\t\t<\/div>\n\t\t\t\t<div class=\"elementor-element elementor-element-b558d37 elementor-widget elementor-widget-text-editor\" data-id=\"b558d37\" data-element_type=\"widget\" data-widget_type=\"text-editor.default\">\n\t\t\t\t\t\t\t\t\t<p>Je suis R\u00e9mi VEILLEROT, sp\u00e9cialiste de la communication digitale, artiste dans l\u2019\u00e2me, cr\u00e9atif, passionn\u00e9 par la musique, la culture en g\u00e9n\u00e9ral et tout ce qui fait battre le coeur d\u2019un territoire.<\/p>\n<p>Install\u00e9 \u00e0 Roanne, je suis particuli\u00e8rement sensible au dynamisme local, \u00e9venementiel, \u00e9conomique et associatif.<\/p>\n<p>Ce qui m\u2019anime avec ce projet : valoriser des femmes, des hommes qui vivent et construisent le Roannais d\u2019aujourd\u2019hui et de demain, souvent porteurs de projets inspirants et d\u2019initiatives positives. Cr\u00e9er un m\u00e9dia digital de proximit\u00e9, qui donne la parole, raconte des histoires et connecte les gens, a pour moi tout son sens.<\/p>\n<p>Je souhaiterais m\u2019entourer de cr\u00e9atifs engag\u00e9s et passionn\u00e9s : photographes, vid\u00e9astes, journalistes, illustrateurs, experts du web\u2026 Des talents qui, comme moi, veulent valoriser leur territoire et aller \u00e0 la rencontre des Roannais.<\/p>\n<p>Contact : <a href=\"mailto:remi.veillerot@gmail.com\">remi.veillerot@gmail.com<\/a> \u2022 06 70 17 12 11<\/p>\t\t\t\t\t\t\t\t<\/div>\n\t\t\t\t\t<\/div>\n\t\t\t\t<\/div>\n\t\t\t\t<\/div>\n\t\t","protected":false},"excerpt":{"rendered":"<p>Projet en r\u00e9flexion &#8211; Site web en construction K\u00e9zako ? NUMBER ROANNE est un m\u00e9dia local ind\u00e9pendant d\u00e9di\u00e9 \u00e0 celles [&hellip;]<\/p>\n","protected":false},"author":1,"featured_media":0,"parent":0,"menu_order":0,"comment_status":"closed","ping_status":"open","template":"elementor_header_footer","meta":{"site-sidebar-layout":"default","site-content-layout":"","ast-site-content-layout":"default","site-content-style":"default","site-sidebar-style":"default","ast-global-header-display":"","ast-banner-title-visibility":"","ast-main-header-display":"","ast-hfb-above-header-display":"","ast-hfb-below-header-display":"","ast-hfb-mobile-header-display":"","site-post-title":"disabled","ast-breadcrumbs-content":"","ast-featured-img":"","footer-sml-layout":"","theme-transparent-header-meta":"","adv-header-id-meta":"","stick-header-meta":"","header-above-stick-meta":"","header-main-stick-meta":"","header-below-stick-meta":"","astra-migrate-meta-layouts":"default","ast-page-background-enabled":"default","ast-page-background-meta":{"desktop":{"background-color":"var(--ast-global-color-5)","background-image":"","background-repeat":"repeat","background-position":"center center","background-size":"auto","background-attachment":"scroll","background-type":"","background-media":"","overlay-type":"","overlay-color":"","overlay-opacity":"","overlay-gradient":""},"tablet":{"background-color":"","background-image":"","background-repeat":"repeat","background-position":"center center","background-size":"auto","background-attachment":"scroll","background-type":"","background-media":"","overlay-type":"","overlay-color":"","overlay-opacity":"","overlay-gradient":""},"mobile":{"background-color":"","background-image":"","background-repeat":"repeat","background-position":"center center","background-size":"auto","background-attachment":"scroll","background-type":"","background-media":"","overlay-type":"","overlay-color":"","overlay-opacity":"","overlay-gradient":""}},"ast-content-background-meta":{"desktop":{"background-color":"var(--ast-global-color-4)","background-image":"","background-repeat":"repeat","background-position":"center center","background-size":"auto","background-attachment":"scroll","background-type":"","background-media":"","overlay-type":"","overlay-color":"","overlay-opacity":"","overlay-gradient":""},"tablet":{"background-color":"var(--ast-global-color-4)","background-image":"","background-repeat":"repeat","background-position":"center center","background-size":"auto","background-attachment":"scroll","background-type":"","background-media":"","overlay-type":"","overlay-color":"","overlay-opacity":"","overlay-gradient":""},"mobile":{"background-color":"var(--ast-global-color-4)","background-image":"","background-repeat":"repeat","background-position":"center center","background-size":"auto","background-attachment":"scroll","background-type":"","background-media":"","overlay-type":"","overlay-color":"","overlay-opacity":"","overlay-gradient":""}},"footnotes":""},"class_list":["post-2","page","type-page","status-publish","hentry"],"_links":{"self":[{"href":"https:\/\/number-roanne.fr\/index.php\/wp-json\/wp\/v2\/pages\/2","targetHints":{"allow":["GET"]}}],"collection":[{"href":"https:\/\/number-roanne.fr\/index.php\/wp-json\/wp\/v2\/pages"}],"about":[{"href":"https:\/\/number-roanne.fr\/index.php\/wp-json\/wp\/v2\/types\/page"}],"author":[{"embeddable":true,"href":"https:\/\/number-roanne.fr\/index.php\/wp-json\/wp\/v2\/users\/1"}],"replies":[{"embeddable":true,"href":"https:\/\/number-roanne.fr\/index.php\/wp-json\/wp\/v2\/comments?post=2"}],"version-history":[{"count":12,"href":"https:\/\/number-roanne.fr\/index.php\/wp-json\/wp\/v2\/pages\/2\/revisions"}],"predecessor-version":[{"id":30,"href":"https:\/\/number-roanne.fr\/index.php\/wp-json\/wp\/v2\/pages\/2\/revisions\/30"}],"wp:attachment":[{"href":"https:\/\/number-roanne.fr\/index.php\/wp-json\/wp\/v2\/media?parent=2"}],"curies":[{"name":"wp","href":"https:\/\/api.w.org\/{rel}","templated":true}]}}